{"id":5666,"date":"2021-11-10T15:56:49","date_gmt":"2021-11-10T15:56:49","guid":{"rendered":"https:\/\/friek-gmbh.de\/about-us\/"},"modified":"2024-07-29T08:31:30","modified_gmt":"2024-07-29T08:31:30","slug":"about-us","status":"publish","type":"page","link":"https:\/\/friek-gmbh.de\/de\/about-us\/","title":{"rendered":"\u00dcber uns"},"content":{"rendered":"<p><div class=\"fusion-fullwidth fullwidth-box fusion-builder-row-1 fusion-flex-container has-pattern-background has-mask-background nonhundred-percent-fullwidth non-hundred-percent-height-scrolling\" style=\"--awb-border-radius-top-left:0px;--awb-border-radius-top-right:0px;--awb-border-radius-bottom-right:0px;--awb-border-radius-bottom-left:0px;--awb-padding-top:30px;--awb-padding-bottom:0px;--awb-padding-top-medium:35px;--awb-padding-right-medium:20px;--awb-padding-bottom-medium:35px;--awb-padding-left-medium:20px;--awb-padding-right-small:18px;--awb-padding-left-small:18px;--awb-background-color:var(--awb-color1);--awb-flex-wrap:wrap;\" ><div class=\"fusion-builder-row fusion-row fusion-flex-align-items-stretch fusion-flex-justify-content-center fusion-flex-content-wrap\" style=\"max-width:1248px;margin-left: calc(-4% \/ 2 );margin-right: calc(-4% \/ 2 );\"><div class=\"fusion-layout-column fusion_builder_column fusion-builder-column-0 fusion_builder_column_1_2 1_2 fusion-flex-column fusion-animated\" style=\"--awb-padding-left-medium:0px;--awb-padding-left-small:0px;--awb-bg-size:cover;--awb-width-large:50%;--awb-margin-top-large:0px;--awb-spacing-right-large:3.84%;--awb-margin-bottom-large:0px;--awb-spacing-left-large:3.84%;--awb-width-medium:50%;--awb-order-medium:0;--awb-spacing-right-medium:3.84%;--awb-spacing-left-medium:3.84%;--awb-width-small:100%;--awb-order-small:1;--awb-spacing-right-small:1.92%;--awb-margin-bottom-small:0px;--awb-spacing-left-small:1.92%;\" data-animationType=\"fadeInUp\" data-animationDuration=\"1.3\" data-animationOffset=\"top-into-view\" data-scroll-devices=\"small-visibility,medium-visibility,large-visibility\"><div class=\"fusion-column-wrapper fusion-column-has-shadow fusion-flex-justify-content-flex-start fusion-content-layout-column\"><div class=\"fusion-builder-row fusion-builder-row-inner fusion-row fusion-flex-align-items-stretch fusion-flex-justify-content-center fusion-flex-content-wrap\" style=\"width:104% !important;max-width:104% !important;margin-left: calc(-4% \/ 2 );margin-right: calc(-4% \/ 2 );\"><div class=\"fusion-layout-column fusion_builder_column_inner fusion-builder-nested-column-0 fusion_builder_column_inner_1_1 1_1 fusion-flex-column\" style=\"--awb-bg-size:cover;--awb-width-large:100%;--awb-margin-top-large:0px;--awb-spacing-right-large:1.92%;--awb-margin-bottom-large:0px;--awb-spacing-left-large:1.92%;--awb-width-medium:100%;--awb-order-medium:0;--awb-spacing-right-medium:1.92%;--awb-spacing-left-medium:1.92%;--awb-width-small:100%;--awb-order-small:0;--awb-spacing-right-small:1.92%;--awb-spacing-left-small:1.92%;\"><div class=\"fusion-column-wrapper fusion-column-has-shadow fusion-flex-justify-content-flex-start fusion-content-layout-row\"><i class=\"fb-icon-element-1 fb-icon-element fontawesome-icon caterer-flames-icon circle-no fusion-text-flow\" style=\"--awb-iconcolor:var(--awb-color5);--awb-iconcolor-hover:var(--awb-color5);--awb-font-size:26px;--awb-margin-top:5px;\"><\/i><div class=\"fusion-text fusion-text-1 fusion-text-no-margin\" style=\"--awb-font-size:var(--awb-typography2-font-size);--awb-line-height:var(--awb-typography2-line-height);--awb-letter-spacing:var(--awb-typography2-letter-spacing);--awb-text-transform:var(--awb-typography2-text-transform);--awb-text-font-family:var(--awb-typography2-font-family);--awb-text-font-weight:var(--awb-typography2-font-weight);--awb-text-font-style:var(--awb-typography2-font-style);\"><p>\u00dcber uns<\/p>\n<\/div><\/div><\/div><\/div><div class=\"fusion-title title fusion-title-1 fusion-sep-none fusion-title-text fusion-title-size-two\" style=\"--awb-margin-top:0px;--awb-margin-bottom:0px;\"><h2 class=\"fusion-title-heading title-heading-left\" style=\"margin:0;text-transform:capitalize;\">\u00dcber Friek GmbH<\/h2><\/div><div class=\"fusion-separator\" style=\"align-self: flex-start;margin-right:auto;margin-top:10px;margin-bottom:15px;width:100%;max-width:90px;\"><div class=\"fusion-separator-border sep-single sep-solid\" style=\"--awb-height:20px;--awb-amount:20px;--awb-sep-color:var(--awb-color4);border-color:var(--awb-color4);border-top-width:2px;\"><\/div><\/div><div class=\"fusion-text fusion-text-2\" style=\"--awb-content-alignment:justify;--awb-text-color:var(--awb-color8);\"><p>Friek GmbH ist ein angesehener Hersteller von arabischen und orientalischen Keksen und S\u00fc\u00dfwaren, spezialisiert auf die Belieferung arabischer und t\u00fcrkischer Superm\u00e4rkte in ganz Europa. Gegr\u00fcndet im Jahr 2020 und mit Sitz in Nordrhein-Westfalen, Deutschland, zeichnet sich die Friek GmbH durch ihr Engagement f\u00fcr Qualit\u00e4t, Tradition und die Erf\u00fcllung der spezifischen Bed\u00fcrfnisse ihrer europ\u00e4ischen Kundschaft aus.<\/p>\n<\/div><div class=\"fusion-image-element fusion-no-medium-visibility fusion-no-large-visibility\" style=\"text-align:center;--awb-max-width:400px;--awb-caption-title-font-family:var(--h2_typography-font-family);--awb-caption-title-font-weight:var(--h2_typography-font-weight);--awb-caption-title-font-style:var(--h2_typography-font-style);--awb-caption-title-size:var(--h2_typography-font-size);--awb-caption-title-transform:var(--h2_typography-text-transform);--awb-caption-title-line-height:var(--h2_typography-line-height);--awb-caption-title-letter-spacing:var(--h2_typography-letter-spacing);\"><span class=\" fusion-imageframe imageframe-none imageframe-1 hover-type-zoomin fusion-animated\" data-animationType=\"fadeIn\" data-animationDuration=\"1.3\" data-animationOffset=\"top-into-view\"><img decoding=\"async\" width=\"1403\" height=\"1000\" title=\"logo Friek_Konditorei HQ ++\" src=\"https:\/\/friek-gmbh.de\/wp-content\/uploads\/2024\/07\/logo-Friek_Konditorei-HQ-.png\" data-orig-src=\"https:\/\/friek-gmbh.de\/wp-content\/uploads\/2024\/07\/logo-Friek_Konditorei-HQ-.png\" alt class=\"lazyload img-responsive wp-image-5597\" srcset=\"data:image\/svg+xml,%3Csvg%20xmlns%3D%27http%3A%2F%2Fwww.w3.org%2F2000%2Fsvg%27%20width%3D%271403%27%20height%3D%271000%27%20viewBox%3D%270%200%201403%201000%27%3E%3Crect%20width%3D%271403%27%20height%3D%271000%27%20fill-opacity%3D%220%22%2F%3E%3C%2Fsvg%3E\" data-srcset=\"https:\/\/friek-gmbh.de\/wp-content\/uploads\/2024\/07\/logo-Friek_Konditorei-HQ--200x143.png 200w, https:\/\/friek-gmbh.de\/wp-content\/uploads\/2024\/07\/logo-Friek_Konditorei-HQ--400x285.png 400w, https:\/\/friek-gmbh.de\/wp-content\/uploads\/2024\/07\/logo-Friek_Konditorei-HQ--600x428.png 600w, https:\/\/friek-gmbh.de\/wp-content\/uploads\/2024\/07\/logo-Friek_Konditorei-HQ--800x570.png 800w, https:\/\/friek-gmbh.de\/wp-content\/uploads\/2024\/07\/logo-Friek_Konditorei-HQ--1200x855.png 1200w, https:\/\/friek-gmbh.de\/wp-content\/uploads\/2024\/07\/logo-Friek_Konditorei-HQ-.png 1403w\" data-sizes=\"auto\" data-orig-sizes=\"(max-width: 800px) 100vw, 1403px\" \/><\/span><\/div><\/div><\/div><div class=\"fusion-layout-column fusion_builder_column fusion-builder-column-1 fusion_builder_column_1_2 1_2 fusion-flex-column\" style=\"--awb-bg-size:cover;--awb-width-large:50%;--awb-margin-top-large:0px;--awb-spacing-right-large:3.84%;--awb-margin-bottom-large:0px;--awb-spacing-left-large:3.84%;--awb-width-medium:50%;--awb-order-medium:0;--awb-spacing-right-medium:3.84%;--awb-spacing-left-medium:3.84%;--awb-width-small:100%;--awb-order-small:0;--awb-spacing-right-small:1.92%;--awb-spacing-left-small:1.92%;\" data-scroll-devices=\"small-visibility,medium-visibility,large-visibility\"><div class=\"fusion-column-wrapper fusion-column-has-shadow fusion-flex-justify-content-center fusion-content-layout-column\"><div class=\"fusion-image-element fusion-no-small-visibility\" style=\"text-align:center;--awb-max-width:400px;--awb-caption-title-font-family:var(--h2_typography-font-family);--awb-caption-title-font-weight:var(--h2_typography-font-weight);--awb-caption-title-font-style:var(--h2_typography-font-style);--awb-caption-title-size:var(--h2_typography-font-size);--awb-caption-title-transform:var(--h2_typography-text-transform);--awb-caption-title-line-height:var(--h2_typography-line-height);--awb-caption-title-letter-spacing:var(--h2_typography-letter-spacing);\"><span class=\" fusion-imageframe imageframe-none imageframe-2 hover-type-zoomin fusion-animated\" data-animationType=\"fadeIn\" data-animationDuration=\"1.3\" data-animationOffset=\"top-into-view\"><img decoding=\"async\" width=\"1403\" height=\"1000\" title=\"logo Friek_Konditorei HQ ++\" src=\"https:\/\/friek-gmbh.de\/wp-content\/uploads\/2024\/07\/logo-Friek_Konditorei-HQ-.png\" data-orig-src=\"https:\/\/friek-gmbh.de\/wp-content\/uploads\/2024\/07\/logo-Friek_Konditorei-HQ-.png\" alt class=\"lazyload img-responsive wp-image-5597\" srcset=\"data:image\/svg+xml,%3Csvg%20xmlns%3D%27http%3A%2F%2Fwww.w3.org%2F2000%2Fsvg%27%20width%3D%271403%27%20height%3D%271000%27%20viewBox%3D%270%200%201403%201000%27%3E%3Crect%20width%3D%271403%27%20height%3D%271000%27%20fill-opacity%3D%220%22%2F%3E%3C%2Fsvg%3E\" data-srcset=\"https:\/\/friek-gmbh.de\/wp-content\/uploads\/2024\/07\/logo-Friek_Konditorei-HQ--200x143.png 200w, https:\/\/friek-gmbh.de\/wp-content\/uploads\/2024\/07\/logo-Friek_Konditorei-HQ--400x285.png 400w, https:\/\/friek-gmbh.de\/wp-content\/uploads\/2024\/07\/logo-Friek_Konditorei-HQ--600x428.png 600w, https:\/\/friek-gmbh.de\/wp-content\/uploads\/2024\/07\/logo-Friek_Konditorei-HQ--800x570.png 800w, https:\/\/friek-gmbh.de\/wp-content\/uploads\/2024\/07\/logo-Friek_Konditorei-HQ--1200x855.png 1200w, https:\/\/friek-gmbh.de\/wp-content\/uploads\/2024\/07\/logo-Friek_Konditorei-HQ-.png 1403w\" data-sizes=\"auto\" data-orig-sizes=\"(max-width: 800px) 100vw, 600px\" \/><\/span><\/div><\/div><\/div><\/div><\/div><div class=\"fusion-fullwidth fullwidth-box fusion-builder-row-2 fusion-flex-container has-pattern-background has-mask-background nonhundred-percent-fullwidth non-hundred-percent-height-scrolling\" style=\"--link_color: var(--awb-color1);--awb-border-radius-top-left:0px;--awb-border-radius-top-right:0px;--awb-border-radius-bottom-right:0px;--awb-border-radius-bottom-left:0px;--awb-background-color:#fcfcfc;--awb-flex-wrap:wrap;\" ><div class=\"fusion-builder-row fusion-row fusion-flex-align-items-flex-start fusion-flex-content-wrap\" style=\"max-width:1248px;margin-left: calc(-4% \/ 2 );margin-right: calc(-4% \/ 2 );\"><div class=\"fusion-layout-column fusion_builder_column fusion-builder-column-2 fusion_builder_column_1_1 1_1 fusion-flex-column\" style=\"--awb-bg-color:#fcfcfc;--awb-bg-color-hover:#fcfcfc;--awb-bg-size:cover;--awb-width-large:100%;--awb-margin-top-large:0px;--awb-spacing-right-large:1.92%;--awb-margin-bottom-large:0px;--awb-spacing-left-large:1.92%;--awb-width-medium:100%;--awb-order-medium:0;--awb-spacing-right-medium:1.92%;--awb-spacing-left-medium:1.92%;--awb-width-small:100%;--awb-order-small:0;--awb-spacing-right-small:1.92%;--awb-spacing-left-small:1.92%;\"><div class=\"fusion-column-wrapper fusion-column-has-shadow fusion-flex-justify-content-flex-start fusion-content-layout-column\"><div class=\"fusion-section-separator section-separator big-half-circle fusion-section-separator-1\" style=\"--awb-spacer-height:70px;--awb-svg-margin-left:1.92%;--awb-svg-margin-right:1.92%;--awb-svg-margin-left-medium:1.92%;--awb-svg-margin-right-medium:1.92%;--awb-svg-margin-left-small:1.92%;--awb-svg-margin-right-small:1.92%;--awb-divider-height:70px;--awb-spacer-padding-top:inherit;--awb-sep-padding:0;--awb-svg-padding:0;\"><div class=\"fusion-section-separator-svg\"><svg class=\"fusion-big-half-circle-candy\" xmlns=\"http:\/\/www.w3.org\/2000\/svg\" version=\"1.1\" width=\"100%\" height=\"100\" viewBox=\"0 0 100 100\" preserveAspectRatio=\"none\" fill=\"rgba(255,255,255,1)\"><path d=\"M0 0 C55 180 100 0 100 0 Z\"><\/path><\/svg><\/div><div class=\"fusion-section-separator-spacer\"><div class=\"fusion-section-separator-spacer-height\"><\/div><\/div><\/div><\/div><\/div><\/div><\/div><div class=\"fusion-fullwidth fullwidth-box fusion-builder-row-3 fusion-flex-container has-pattern-background has-mask-background nonhundred-percent-fullwidth non-hundred-percent-height-scrolling\" style=\"--awb-border-radius-top-left:0px;--awb-border-radius-top-right:0px;--awb-border-radius-bottom-right:0px;--awb-border-radius-bottom-left:0px;--awb-padding-top:0px;--awb-padding-bottom:0px;--awb-padding-top-medium:35px;--awb-padding-bottom-medium:35px;--awb-padding-top-small:25px;--awb-padding-bottom-small:0px;--awb-background-color:#fcfcfc;--awb-flex-wrap:wrap;\" ><div class=\"fusion-builder-row fusion-row fusion-flex-align-items-stretch fusion-flex-justify-content-center fusion-flex-content-wrap\" style=\"max-width:1248px;margin-left: calc(-4% \/ 2 );margin-right: calc(-4% \/ 2 );\"><div class=\"fusion-layout-column fusion_builder_column fusion-builder-column-3 fusion_builder_column_1_1 1_1 fusion-flex-column fusion-animated\" style=\"--awb-padding-top:24px;--awb-padding-right:0px;--awb-padding-left:0px;--awb-padding-right-medium:0px;--awb-padding-left-medium:0px;--awb-padding-right-small:0px;--awb-padding-left-small:0px;--awb-bg-size:cover;--awb-width-large:100%;--awb-margin-top-large:0px;--awb-spacing-right-large:1.92%;--awb-margin-bottom-large:0px;--awb-spacing-left-large:1.92%;--awb-width-medium:100%;--awb-order-medium:0;--awb-spacing-right-medium:1.92%;--awb-spacing-left-medium:1.92%;--awb-width-small:100%;--awb-order-small:1;--awb-spacing-right-small:1.92%;--awb-margin-bottom-small:0px;--awb-spacing-left-small:1.92%;\" data-animationType=\"fadeInUp\" data-animationDuration=\"1.3\" data-animationOffset=\"top-into-view\" data-scroll-devices=\"small-visibility,medium-visibility,large-visibility\"><div class=\"fusion-column-wrapper fusion-column-has-shadow fusion-flex-justify-content-flex-start fusion-content-layout-column\"><div class=\"fusion-content-boxes content-boxes columns row fusion-columns-1 fusion-columns-total-5 fusion-content-boxes-1 content-boxes-icon-on-side content-left\" style=\"--awb-body-color:var(--awb-color7);--awb-title-color:var(--awb-color8);--awb-circlecolor-hover:var(--awb-color4);--awb-item-margin-bottom:10px;--awb-margin-bottom:0px;--awb-hover-accent-color:var(--awb-color4);--awb-circle-hover-accent-color:var(--awb-color4);\" data-animationOffset=\"top-into-view\"><div style=\"--awb-backgroundcolor:rgba(255,255,255,0);--awb-circlecolor-hover:var(--awb-color4);--awb-content-padding-left:72px;\" class=\"fusion-column content-box-column content-box-column content-box-column-1 col-lg-12 col-md-12 col-sm-12 fusion-content-box-hover content-box-column-last-in-row\"><div class=\"col content-box-wrapper content-wrapper link-area-link-icon content-icon-wrapper-yes icon-wrapper-hover-animation-pulsate\" data-animationOffset=\"top-into-view\"><div class=\"heading heading-with-icon icon-left\"><div class=\"icon\"><span style=\"height:50px;width:50px;line-height:25px;border-color:rgba(255,255,255,0);border-width:1px;border-style:solid;background-color:rgba(255,255,255,0);margin-right:20px;box-sizing:content-box;border-radius:50%;\"><i style=\"border-color:var(--awb-color8);border-width:0px;background-color:var(--awb-color5);box-sizing:content-box;height:50px;width:50px;line-height:50px;border-radius:50%;position:relative;top:auto;left:auto;margin:0;border-radius:50%;font-size:25px;\" aria-hidden=\"true\" class=\"fontawesome-icon fa-pencil-alt fas circle-yes\"><\/i><\/span><\/div><h2 class=\"content-box-heading\" style=\"--h2_typography-font-size:24px;line-height:29px;padding-left:72px;\">Unsere Geschichte<\/h2><\/div><div class=\"fusion-clearfix\"><\/div><div class=\"content-container\">\n<p>Unsere Wurzeln reichen zur\u00fcck bis ins Jahr 2006 in Aleppo, Syrien, wo wir als kleines Familienunternehmen begannen, die reichen Aromen arabischer S\u00fc\u00dfwaren auf den lokalen Markt zu bringen. Unser Gesch\u00e4ft florierte dank einer Welle ausl\u00e4ndischer und lokaler Investitionen, die uns einen bedeutenden Vertrag mit Carrefour, einem f\u00fchrenden franz\u00f6sischen Discounter, einbrachte. Dieser erste Erfolg erm\u00f6glichte es uns, uns in ganz Syrien auszudehnen und gro\u00dfe Hyperm\u00e4rkte, Superm\u00e4rkte und Gro\u00dfh\u00e4ndler zu beliefern.<\/p>\n<p>Mit dem Beginn des Krieges kamen unsere Aktivit\u00e4ten in Syrien zum Erliegen, und 2014 zog unser Gr\u00fcnder Fadi Friek nach Hamburg, Deutschland. Angesichts der steigenden Nachfrage nach authentischen, hochwertigen arabischen S\u00fc\u00dfwaren, insbesondere Halal-Produkten, beschlossen Fadi und sein Bruder Ibrahim Friek, die Friek GmbH in Deutschland zu gr\u00fcnden. Ihr Ziel war es, europ\u00e4ischen Gro\u00dfh\u00e4ndlern einen einfacheren Zugang zu frischen, qualitativ hochwertigen Produkten zu bieten, indem sie europ\u00e4ische Rohstoffe nutzen und strenge europ\u00e4ische Gesundheitsstandards einhalten.<\/p>\n<\/div><\/div><\/div><div style=\"--awb-backgroundcolor:rgba(255,255,255,0);--awb-circlecolor-hover:var(--awb-color4);--awb-content-padding-left:72px;\" class=\"fusion-column content-box-column content-box-column content-box-column-2 col-lg-12 col-md-12 col-sm-12 fusion-content-box-hover content-box-column-last-in-row\"><div class=\"col content-box-wrapper content-wrapper link-area-link-icon content-icon-wrapper-yes icon-wrapper-hover-animation-pulsate\" data-animationOffset=\"top-into-view\"><div class=\"heading heading-with-icon icon-left\"><div class=\"icon\"><span style=\"height:50px;width:50px;line-height:25px;border-color:rgba(255,255,255,0);border-width:1px;border-style:solid;background-color:rgba(255,255,255,0);margin-right:20px;box-sizing:content-box;border-radius:50%;\"><i style=\"border-color:var(--awb-color8);border-width:0px;background-color:var(--awb-color5);box-sizing:content-box;height:50px;width:50px;line-height:50px;border-radius:50%;position:relative;top:auto;left:auto;margin:0;border-radius:50%;font-size:25px;\" aria-hidden=\"true\" class=\"fontawesome-icon fa-bullseye fas circle-yes\"><\/i><\/span><\/div><h2 class=\"content-box-heading\" style=\"--h2_typography-font-size:24px;line-height:29px;padding-left:72px;\">Unsere Mission<\/h2><\/div><div class=\"fusion-clearfix\"><\/div><div class=\"content-container\">\n<p>Bei der Friek GmbH ist es unsere Mission, erstklassige arabische und orientalische S\u00fc\u00dfwaren zu produzieren und zu liefern, die den hohen Anspr\u00fcchen europ\u00e4ischer Verbraucher gerecht werden. Wir verpflichten uns, die besten europ\u00e4ischen Zutaten zu verwenden, die Halal-Compliance sicherzustellen und einen frischen Produktionszyklus zu wahren, der den europ\u00e4ischen Gesundheitsvorschriften entspricht. Unser Ziel ist es, unsere Produkte zu wettbewerbsf\u00e4higen Preisen anzubieten und eine \u00fcberlegene Alternative zu importierten S\u00fc\u00dfwaren zu schaffen, die oft \u00e4ltere Produktionsdaten aufweisen.<\/p>\n<\/div><\/div><\/div><div style=\"--awb-backgroundcolor:rgba(255,255,255,0);--awb-circlecolor-hover:var(--awb-color4);--awb-content-padding-left:72px;\" class=\"fusion-column content-box-column content-box-column content-box-column-3 col-lg-12 col-md-12 col-sm-12 fusion-content-box-hover content-box-column-last-in-row\"><div class=\"col content-box-wrapper content-wrapper link-area-link-icon content-icon-wrapper-yes icon-wrapper-hover-animation-pulsate\" data-animationOffset=\"top-into-view\"><div class=\"heading heading-with-icon icon-left\"><div class=\"icon\"><span style=\"height:50px;width:50px;line-height:25px;border-color:rgba(255,255,255,0);border-width:1px;border-style:solid;background-color:rgba(255,255,255,0);margin-right:20px;box-sizing:content-box;border-radius:50%;\"><i style=\"border-color:var(--awb-color8);border-width:0px;background-color:var(--awb-color5);box-sizing:content-box;height:50px;width:50px;line-height:50px;border-radius:50%;position:relative;top:auto;left:auto;margin:0;border-radius:50%;font-size:25px;\" aria-hidden=\"true\" class=\"fontawesome-icon fa-eye far circle-yes\"><\/i><\/span><\/div><h2 class=\"content-box-heading\" style=\"--h2_typography-font-size:24px;line-height:29px;padding-left:72px;\">Unsere Vision<\/h2><\/div><div class=\"fusion-clearfix\"><\/div><div class=\"content-container\">\n<p>Unsere Vision ist es, die exquisiten Geschm\u00e4cker arabischer und orientalischer Konfekte nahtlos in den europ\u00e4ischen Markt zu integrieren. Wir streben an, der bevorzugte Lieferant f\u00fcr Gro\u00dfh\u00e4ndler und Discounter zu werden, die qualitativ hochwertige Halal-Produkte in ihren internationalen Abteilungen oder zu besonderen Anl\u00e4ssen wie Ramadan anbieten m\u00f6chten.<\/p>\n<\/div><\/div><\/div><div style=\"--awb-backgroundcolor:rgba(255,255,255,0);--awb-circlecolor-hover:var(--awb-color4);--awb-content-padding-left:72px;\" class=\"fusion-column content-box-column content-box-column content-box-column-4 col-lg-12 col-md-12 col-sm-12 fusion-content-box-hover content-box-column-last-in-row\"><div class=\"col content-box-wrapper content-wrapper link-area-link-icon content-icon-wrapper-yes icon-wrapper-hover-animation-pulsate\" data-animationOffset=\"top-into-view\"><div class=\"heading heading-with-icon icon-left\"><div class=\"icon\"><span style=\"height:50px;width:50px;line-height:25px;border-color:rgba(255,255,255,0);border-width:1px;border-style:solid;background-color:rgba(255,255,255,0);margin-right:20px;box-sizing:content-box;border-radius:50%;\"><i style=\"border-color:var(--awb-color8);border-width:0px;background-color:var(--awb-color5);box-sizing:content-box;height:50px;width:50px;line-height:50px;border-radius:50%;position:relative;top:auto;left:auto;margin:0;border-radius:50%;font-size:25px;\" aria-hidden=\"true\" class=\"fontawesome-icon fa-gem far circle-yes\"><\/i><\/span><\/div><h2 class=\"content-box-heading\" style=\"--h2_typography-font-size:24px;line-height:29px;padding-left:72px;\">Unsere Werte<\/h2><\/div><div class=\"fusion-clearfix\"><\/div><div class=\"content-container\">\n<p><strong>Integrit\u00e4t und Transparenz:<\/strong> Wir glauben daran, durch ehrliche Kommunikation und ethische Praktiken Vertrauen bei unseren Kunden aufzubauen.<\/p>\n<p><strong>Qualit\u00e4t und Frische:<\/strong> Wir setzen auf hochwertige europ\u00e4ische Rohstoffe und frische Produktionszyklen, um sicherzustellen, dass unsere Produkte den europ\u00e4ischen Standards entsprechen.<\/p>\n<p><strong>Kundenorientierung:<\/strong> Wir stellen die Bed\u00fcrfnisse unserer Kunden in den Vordergrund und bieten Produkte an, die der Nachfrage nach authentischen, Halal-zertifizierten S\u00fc\u00dfwaren gerecht werden.<\/p>\n<p><strong>Anpassungsf\u00e4higkeit:<\/strong> Wir passen unsere Prozesse und Angebote an, um den sich wandelnden Vorlieben unserer europ\u00e4ischen Kundschaft gerecht zu werden.<\/p>\n<\/div><\/div><\/div><div style=\"--awb-backgroundcolor:rgba(255,255,255,0);--awb-circlecolor-hover:var(--awb-color4);--awb-content-padding-left:72px;\" class=\"fusion-column content-box-column content-box-column content-box-column-5 col-lg-12 col-md-12 col-sm-12 fusion-content-box-hover content-box-column-last content-box-column-last-in-row\"><div class=\"col content-box-wrapper content-wrapper link-area-link-icon content-icon-wrapper-yes icon-wrapper-hover-animation-pulsate\" data-animationOffset=\"top-into-view\"><div class=\"heading heading-with-icon icon-left\"><div class=\"icon\"><span style=\"height:50px;width:50px;line-height:25px;border-color:rgba(255,255,255,0);border-width:1px;border-style:solid;background-color:rgba(255,255,255,0);margin-right:20px;box-sizing:content-box;border-radius:50%;\"><i style=\"border-color:var(--awb-color8);border-width:0px;background-color:var(--awb-color5);box-sizing:content-box;height:50px;width:50px;line-height:50px;border-radius:50%;position:relative;top:auto;left:auto;margin:0;border-radius:50%;font-size:25px;\" aria-hidden=\"true\" class=\"fontawesome-icon fa-gem far circle-yes\"><\/i><\/span><\/div><h2 class=\"content-box-heading\" style=\"--h2_typography-font-size:24px;line-height:29px;padding-left:72px;\">Unsere Ziele<\/h2><\/div><div class=\"fusion-clearfix\"><\/div><div class=\"content-container\">\n<p><strong>Lieferexzellenz:<\/strong> Wir m\u00f6chten unsere hochwertigen Produkte effizient an Gro\u00dfh\u00e4ndler und europ\u00e4ische Discounter liefern.<\/p>\n<p><strong>Marktexpansion:<\/strong> Wir m\u00f6chten unsere Pr\u00e4senz in den internationalen Abteilungen europ\u00e4ischer Einzelh\u00e4ndler und w\u00e4hrend besonderer Anl\u00e4sse wie Ramadan ausbauen.<\/p>\n<p><strong>Nachhaltige Qualit\u00e4t:<\/strong> Wir verbessern kontinuierlich unsere Produktionsmethoden, um die Einhaltung der europ\u00e4ischen Gesundheitsstandards und die Kundenzufriedenheit sicherzustellen.<\/p>\n<\/div><\/div><\/div><div class=\"fusion-clearfix\"><\/div><\/div><div class=\"fusion-text fusion-text-3\" style=\"--awb-content-alignment:justify;--awb-text-color:var(--awb-color8);\"><p><strong>Friek GmbH<\/strong> widmet sich der Aufgabe, die k\u00f6stlichen und traditionellen Geschm\u00e4cker arabischer und orientalischer S\u00fc\u00dfwaren nach Europa zu bringen und dabei authentische Rezepte mit modernen Qualit\u00e4tsstandards zu vereinen.<\/p>\n<\/div><\/div><\/div><\/div><\/div><\/p>\n","protected":false},"excerpt":{"rendered":"","protected":false},"author":2,"featured_media":0,"parent":0,"menu_order":0,"comment_status":"closed","ping_status":"closed","template":"100-width.php","meta":{"footnotes":""},"class_list":["post-5666","page","type-page","status-publish","hentry"],"_links":{"self":[{"href":"https:\/\/friek-gmbh.de\/de\/wp-json\/wp\/v2\/pages\/5666"}],"collection":[{"href":"https:\/\/friek-gmbh.de\/de\/wp-json\/wp\/v2\/pages"}],"about":[{"href":"https:\/\/friek-gmbh.de\/de\/wp-json\/wp\/v2\/types\/page"}],"author":[{"embeddable":true,"href":"https:\/\/friek-gmbh.de\/de\/wp-json\/wp\/v2\/users\/2"}],"replies":[{"embeddable":true,"href":"https:\/\/friek-gmbh.de\/de\/wp-json\/wp\/v2\/comments?post=5666"}],"version-history":[{"count":7,"href":"https:\/\/friek-gmbh.de\/de\/wp-json\/wp\/v2\/pages\/5666\/revisions"}],"predecessor-version":[{"id":5854,"href":"https:\/\/friek-gmbh.de\/de\/wp-json\/wp\/v2\/pages\/5666\/revisions\/5854"}],"wp:attachment":[{"href":"https:\/\/friek-gmbh.de\/de\/wp-json\/wp\/v2\/media?parent=5666"}],"curies":[{"name":"wp","href":"https:\/\/api.w.org\/{rel}","templated":true}]}}