{"id":5739,"date":"2021-11-22T13:53:41","date_gmt":"2021-11-22T13:53:41","guid":{"rendered":"https:\/\/friek-gmbh.de\/privacy-policy\/"},"modified":"2024-07-25T23:39:46","modified_gmt":"2024-07-25T23:39:46","slug":"privacy-policy","status":"publish","type":"page","link":"https:\/\/friek-gmbh.de\/de\/privacy-policy\/","title":{"rendered":"Datenschutzrichtlinie"},"content":{"rendered":"<div class=\"fusion-fullwidth fullwidth-box fusion-builder-row-1 fusion-flex-container has-pattern-background has-mask-background nonhundred-percent-fullwidth non-hundred-percent-height-scrolling\" style=\"--awb-border-radius-top-left:0px;--awb-border-radius-top-right:0px;--awb-border-radius-bottom-right:0px;--awb-border-radius-bottom-left:0px;--awb-padding-right:0px;--awb-padding-left:0px;--awb-padding-right-medium:20px;--awb-padding-left-medium:20px;--awb-margin-top:45px;--awb-flex-wrap:wrap;\" ><div class=\"fusion-builder-row fusion-row fusion-flex-align-items-flex-start fusion-flex-content-wrap\" style=\"max-width:calc( 1200px + 0px );margin-left: calc(-0px \/ 2 );margin-right: calc(-0px \/ 2 );\"><div class=\"fusion-layout-column fusion_builder_column fusion-builder-column-0 fusion_builder_column_1_1 1_1 fusion-flex-column\" style=\"--awb-bg-size:cover;--awb-width-large:100%;--awb-margin-top-large:0px;--awb-spacing-right-large:0px;--awb-margin-bottom-large:20px;--awb-spacing-left-large:0px;--awb-width-medium:100%;--awb-order-medium:0;--awb-spacing-right-medium:0px;--awb-spacing-left-medium:0px;--awb-width-small:100%;--awb-order-small:0;--awb-spacing-right-small:0px;--awb-spacing-left-small:0px;\"><div class=\"fusion-column-wrapper fusion-column-has-shadow fusion-flex-justify-content-flex-start fusion-content-layout-column\"><div class=\"fusion-builder-row fusion-builder-row-inner fusion-row fusion-flex-align-items-flex-start fusion-flex-content-wrap\" style=\"width:calc( 100% + 0px ) !important;max-width:calc( 100% + 0px ) !important;margin-left: calc(-0px \/ 2 );margin-right: calc(-0px \/ 2 );\"><div class=\"fusion-layout-column fusion_builder_column_inner fusion-builder-nested-column-0 fusion_builder_column_inner_1_1 1_1 fusion-flex-column\" style=\"--awb-bg-size:cover;--awb-width-large:100%;--awb-margin-top-large:0px;--awb-spacing-right-large:0px;--awb-margin-bottom-large:0px;--awb-spacing-left-large:0px;--awb-width-medium:100%;--awb-order-medium:0;--awb-spacing-right-medium:0px;--awb-spacing-left-medium:0px;--awb-width-small:100%;--awb-order-small:0;--awb-spacing-right-small:0px;--awb-spacing-left-small:0px;\" data-scroll-devices=\"small-visibility,medium-visibility,large-visibility\"><div class=\"fusion-column-wrapper fusion-column-has-shadow fusion-flex-justify-content-flex-start fusion-content-layout-row\"><i class=\"fb-icon-element-1 fb-icon-element fontawesome-icon caterer-flames-icon circle-no fusion-text-flow\" style=\"--awb-iconcolor:var(--awb-color5);--awb-iconcolor-hover:var(--awb-color5);--awb-font-size:26px;--awb-margin-top:5px;\"><\/i><div class=\"fusion-text fusion-text-1 fusion-text-no-margin\" style=\"--awb-font-size:var(--awb-typography4-font-size);--awb-line-height:var(--awb-typography4-line-height);--awb-letter-spacing:var(--awb-typography4-letter-spacing);--awb-text-transform:var(--awb-typography4-text-transform);--awb-text-color:var(--awb-color7);--awb-text-font-family:var(--awb-typography4-font-family);--awb-text-font-weight:var(--awb-typography4-font-weight);--awb-text-font-style:var(--awb-typography4-font-style);\"><p>Friek GMBH<\/p>\n<\/div><\/div><\/div><\/div><div class=\"fusion-title title fusion-title-1 fusion-sep-none fusion-title-text fusion-title-size-two\" style=\"--awb-text-color:var(--awb-color7);--awb-margin-top:0px;\"><h2 class=\"fusion-title-heading title-heading-left\" style=\"margin:0;text-transform:capitalize;\">Datenschutzrichtlinie<\/h2><\/div><div class=\"fusion-text fusion-text-2\" style=\"--awb-content-alignment:justify;\"><p><strong>1. Einleitung<\/strong><\/p>\n<p>Willkommen bei Friek GMBH. Wir verpflichten uns, Ihre pers\u00f6nlichen Daten und Ihr Recht auf Privatsph\u00e4re zu sch\u00fctzen. Wenn Sie Fragen oder Bedenken zu dieser Datenschutzerkl\u00e4rung oder unseren Praktiken in Bezug auf Ihre pers\u00f6nlichen Daten haben, kontaktieren Sie uns bitte unter <a href=\"tel:00491788976887\">+49 1788976887<\/a>.<\/p>\n<p><strong>2. Von uns erfasste Informationen<\/strong><\/p>\n<p>Wir erfassen pers\u00f6nliche Daten, die Sie uns freiwillig zur Verf\u00fcgung stellen, wenn Sie sich auf der Friek GMBH-Website registrieren, Interesse an Informationen \u00fcber uns oder unsere Produkte und Dienstleistungen bekunden, an Aktivit\u00e4ten auf der Sweets Factory-Website teilnehmen oder uns anderweitig kontaktieren.<\/p>\n<p><strong>2.1 Von Ihnen bereitgestellte pers\u00f6nliche Daten<\/strong><\/p>\n<p>Die von uns erfassten pers\u00f6nlichen Daten h\u00e4ngen vom Kontext Ihrer Interaktionen mit uns und der Friek GMBH-Website, den von Ihnen getroffenen Entscheidungen und den von Ihnen verwendeten Produkten und Funktionen ab. Die von uns erfassten pers\u00f6nlichen Daten k\u00f6nnen Folgendes umfassen:<\/p>\n<p>Name und Kontaktdaten: Wir erfassen Ihren Vor- und Nachnamen, Ihre E-Mail-Adresse, Postanschrift, Telefonnummer und andere \u00e4hnliche Kontaktdaten.<br \/>\nAnmeldeinformationen: Wir erfassen Passw\u00f6rter, Passworthinweise und \u00e4hnliche Sicherheitsinformationen, die zur Authentifizierung und zum Kontozugriff verwendet werden.<br \/>\nZahlungsdaten: Wir erfassen Daten, die zur Bearbeitung Ihrer Zahlung erforderlich sind, wenn Sie Eink\u00e4ufe t\u00e4tigen, wie z. B. Ihre Zahlungsmittelnummer (z. B. eine Kreditkartennummer) und den mit Ihrem Zahlungsmittel verkn\u00fcpften Sicherheitscode.<\/p>\n<p><strong>2.2 Automatisch erfasste Informationen<\/strong><\/p>\n<p>Wir erfassen automatisch bestimmte Informationen, wenn Sie die Website von Friek GMBH besuchen, verwenden oder darauf navigieren. Diese Informationen geben Ihre spezifische Identit\u00e4t (wie Ihren Namen oder Ihre Kontaktinformationen) nicht preis, k\u00f6nnen jedoch Ger\u00e4te- und Nutzungsinformationen enthalten, wie z. B. Ihre IP-Adresse, Browser- und Ger\u00e4teeigenschaften, Betriebssystem, Spracheinstellungen, verweisende URLs, Ger\u00e4tename, Land, Standort, Informationen dar\u00fcber, wie und wann Sie unsere Website verwenden, und andere technische Informationen. Diese Informationen werden in erster Linie ben\u00f6tigt, um die Sicherheit und den Betrieb unserer Website aufrechtzuerhalten und f\u00fcr unsere internen Analyse- und Berichtszwecke.<\/p>\n<p><strong>2.3 Aus anderen Quellen erfasste Informationen<\/strong><\/p>\n<p>Wir k\u00f6nnen Informationen \u00fcber Sie aus anderen Quellen erhalten, wie z. B. \u00f6ffentlichen Datenbanken, gemeinsamen Marketingpartnern sowie von anderen Dritten. Beispiele f\u00fcr Informationen, die wir aus anderen Quellen erhalten, sind Social-Media-Profilinformationen, Marketing-Leads und Suchergebnisse sowie Links, einschlie\u00dflich bezahlter Eintr\u00e4ge (wie gesponserte Links).<\/p>\n<p><strong>3. Wie wir Ihre Informationen verwenden<\/strong><\/p>\n<p>Wir verwenden personenbezogene Daten, die \u00fcber unsere Friek GMBH-Website gesammelt wurden, f\u00fcr eine Vielzahl von Gesch\u00e4ftszwecken, die unten beschrieben werden. Wir verarbeiten Ihre personenbezogenen Daten f\u00fcr diese Zwecke im Vertrauen auf unsere berechtigten Gesch\u00e4ftsinteressen, um mit Ihrer Zustimmung einen Vertrag mit Ihnen abzuschlie\u00dfen oder auszuf\u00fchren und\/oder um unseren gesetzlichen Verpflichtungen nachzukommen. Wir geben die spezifischen Verarbeitungsgr\u00fcnde an, auf die wir uns neben jedem unten aufgef\u00fchrten Zweck st\u00fctzen:<\/p>\n<ul>\n<li>Um die Kontoerstellung und den Anmeldevorgang zu erleichtern.<\/li>\n<li>Um Ihnen administrative Informationen zu senden. Wir k\u00f6nnen Ihre pers\u00f6nlichen Daten verwenden, um Ihnen Informationen zu Produkten, Dienstleistungen und neuen Funktionen und\/oder Informationen zu \u00c4nderungen unserer Gesch\u00e4ftsbedingungen und Richtlinien zu senden.<\/li>\n<li>Um Ihre Bestellungen auszuf\u00fchren und zu verwalten. Wir k\u00f6nnen Ihre Daten verwenden, um Ihre Bestellungen, Zahlungen, R\u00fccksendungen und Umtauschvorg\u00e4nge \u00fcber die Friek GMBH-Website zu verwalten.<\/li>\n<li>Um Erfahrungsberichte zu ver\u00f6ffentlichen. Wir ver\u00f6ffentlichen Erfahrungsberichte auf unserer Friek GMBH-Website, die pers\u00f6nliche Daten enthalten k\u00f6nnen. Bevor wir einen Erfahrungsbericht ver\u00f6ffentlichen, holen wir Ihre Zustimmung ein, Ihren Namen und Ihren<\/li>\n<li>Erfahrungsbericht zu verwenden.<\/li>\n<li>Um Feedback anzufordern. Wir k\u00f6nnen Ihre Daten verwenden, um Feedback anzufordern und Sie bez\u00fcglich Ihrer Nutzung unserer Website zu kontaktieren.<\/li>\n<li>Um unsere Dienste zu sch\u00fctzen. Wir k\u00f6nnen Ihre Daten im Rahmen unserer Bem\u00fchungen verwenden, unsere Friek GMBH-Website sicher und gesch\u00fctzt zu halten (z. B. zur Betrugs\u00fcberwachung und -pr\u00e4vention).<\/li>\n<li>Um Benutzer-zu-Benutzer-Kommunikation zu erm\u00f6glichen. Wir k\u00f6nnen Ihre Daten verwenden, um Benutzer-zu-Benutzer-Kommunikation mit der Zustimmung jedes Benutzers zu erm\u00f6glichen.<\/li>\n<li>Um unsere Gesch\u00e4ftsbedingungen und Richtlinien durchzusetzen.<\/li>\n<li>Um auf rechtliche Anfragen zu reagieren und Sch\u00e4den zu verhindern. Wenn wir eine Vorladung oder eine andere rechtliche Anfrage erhalten, m\u00fcssen wir m\u00f6glicherweise die von uns gespeicherten Daten pr\u00fcfen, um zu entscheiden, wie wir reagieren sollen.<\/li>\n<li>Zur Verwaltung von Benutzerkonten. Wir k\u00f6nnen Ihre Informationen verwenden, um unser Konto zu verwalten und funktionsf\u00e4hig zu halten.<\/li>\n<li>Zur Bereitstellung von Diensten f\u00fcr den Benutzer. Wir k\u00f6nnen Ihre Informationen verwenden, um Ihnen den angeforderten Dienst bereitzustellen.<\/li>\n<li>Zur Beantwortung von Benutzeranfragen\/Anbieten von Support f\u00fcr Benutzer. Wir k\u00f6nnen Ihre Informationen verwenden, um auf Ihre Anfragen zu antworten und m\u00f6gliche Probleme zu l\u00f6sen, die bei der Nutzung unserer Dienste auftreten k\u00f6nnten.<\/li>\n<li>F\u00fcr andere Gesch\u00e4ftszwecke. Wir k\u00f6nnen Ihre Informationen f\u00fcr andere Gesch\u00e4ftszwecke verwenden, beispielsweise zur Datenanalyse, zur Ermittlung von Nutzungstrends, zur Ermittlung der Wirksamkeit unserer Werbekampagnen und zur Bewertung und Verbesserung unserer Website, Produkte, Dienste, unseres Marketings und Ihrer Erfahrung.<\/li>\n<\/ul>\n<p>4. Weitergabe Ihrer Informationen<\/p>\n<p>Wir geben Informationen nur mit Ihrer Zustimmung weiter, um Gesetze einzuhalten, Ihnen Dienste bereitzustellen, Ihre Rechte zu sch\u00fctzen oder gesch\u00e4ftlichen Verpflichtungen nachzukommen. Genauer gesagt m\u00fcssen wir Ihre Daten m\u00f6glicherweise in den folgenden Situationen verarbeiten oder weitergeben:<\/p>\n<ul>\n<li><strong>Gesch\u00e4fts\u00fcbertragungen:<\/strong> Wir k\u00f6nnen Ihre Informationen im Zusammenhang mit oder w\u00e4hrend der Verhandlungen \u00fcber eine Fusion, einen Verkauf von Unternehmensverm\u00f6gen, eine Finanzierung oder den Erwerb unseres gesamten oder eines Teils unseres Unternehmens durch ein anderes Unternehmen weitergeben oder \u00fcbertragen.<\/li>\n<li><strong>Verbundene Unternehmen:<\/strong> Wir k\u00f6nnen Ihre Informationen an unsere verbundenen Unternehmen weitergeben. In diesem Fall verlangen wir von diesen verbundenen Unternehmen, diese Datenschutzrichtlinie einzuhalten. Zu den verbundenen Unternehmen z\u00e4hlen unsere Muttergesellschaft und alle Tochtergesellschaften, Joint-Venture-Partner oder andere Unternehmen, die wir kontrollieren oder die unter gemeinsamer Kontrolle mit uns stehen.<\/li>\n<li><strong>Gesch\u00e4ftspartner:<\/strong> Wir k\u00f6nnen Ihre Informationen an unsere Gesch\u00e4ftspartner weitergeben, um Ihnen bestimmte Produkte, Dienste oder Werbeaktionen anzubieten.<\/li>\n<li><strong>Andere Benutzer:<\/strong> Wenn Sie pers\u00f6nliche Informationen weitergeben oder auf andere Weise mit \u00f6ffentlichen Bereichen der Website interagieren, k\u00f6nnen diese pers\u00f6nlichen Informationen von allen Benutzern eingesehen und dauerhaft \u00f6ffentlich au\u00dferhalb der Website verbreitet werden. Wenn Sie mit anderen Benutzern unserer Website interagieren und sich \u00fcber ein soziales Netzwerk (wie etwa Facebook) registrieren, sehen Ihre Kontakte im sozialen Netzwerk Ihren Namen, Ihr Profilfoto und Beschreibungen Ihrer Aktivit\u00e4ten.<\/li>\n<\/ul>\n<p><strong>5. Cookies und andere Tracking-Technologien<\/strong><\/p>\n<p>Wir k\u00f6nnen Cookies und \u00e4hnliche Tracking-Technologien (wie Web Beacons und Pixel) verwenden, um auf Informationen zuzugreifen oder diese zu speichern. Genauere Informationen dar\u00fcber, wie wir solche Technologien verwenden und wie Sie bestimmte Cookies ablehnen k\u00f6nnen, finden Sie in unserer Cookie-Richtlinie.<\/p>\n<p><strong>6. Ihre Datenschutzrechte<\/strong><\/p>\n<p>In einigen Regionen (wie dem Europ\u00e4ischen Wirtschaftsraum) haben Sie gem\u00e4\u00df den geltenden Datenschutzgesetzen bestimmte Rechte. Dazu k\u00f6nnen das Recht geh\u00f6ren, (i) Zugriff auf Ihre personenbezogenen Daten zu beantragen und eine Kopie davon zu erhalten, (ii) Berichtigung oder L\u00f6schung zu verlangen, (iii) die Verarbeitung Ihrer personenbezogenen Daten einzuschr\u00e4nken und (iv) gegebenenfalls Daten\u00fcbertragbarkeit. Unter bestimmten Umst\u00e4nden haben Sie m\u00f6glicherweise auch das Recht, der Verarbeitung Ihrer personenbezogenen Daten zu widersprechen.<\/p>\n<p>Um eine solche Anfrage zu stellen, verwenden Sie bitte die unten angegebenen Kontaktdaten. Wir werden jede Anfrage in \u00dcbereinstimmung mit den geltenden Datenschutzgesetzen pr\u00fcfen und bearbeiten.<\/p>\n<p>Wenn wir uns auf Ihre Zustimmung zur Verarbeitung Ihrer personenbezogenen Daten verlassen, haben Sie das Recht, Ihre Zustimmung jederzeit zu widerrufen. Beachten Sie jedoch, dass dies die Rechtm\u00e4\u00dfigkeit der Verarbeitung vor dem Widerruf nicht ber\u00fchrt.<\/p>\n<p><strong>7. Datensicherheit<\/strong><\/p>\n<p>Wir haben geeignete technische und organisatorische Sicherheitsma\u00dfnahmen implementiert, um die Sicherheit aller von uns verarbeiteten personenbezogenen Daten zu gew\u00e4hrleisten. Bitte beachten Sie jedoch auch, dass wir nicht garantieren k\u00f6nnen, dass das Internet selbst 100 % sicher ist. Obwohl wir unser Bestes tun, um Ihre personenbezogenen Daten zu sch\u00fctzen, erfolgt die \u00dcbertragung personenbezogener Daten zu und von unserer Friek GMBH-Website auf Ihr eigenes Risiko. Sie sollten nur in einer sicheren Umgebung auf die Dienste zugreifen.<\/p>\n<p><strong>8. Aufbewahrung Ihrer Daten<\/strong><\/p>\n<p>Wir bewahren Ihre personenbezogenen Daten nur so lange auf, wie es f\u00fcr die in dieser Datenschutzrichtlinie dargelegten Zwecke erforderlich ist, es sei denn, eine l\u00e4ngere Aufbewahrungsfrist ist gesetzlich vorgeschrieben oder zul\u00e4ssig (z. B. aus steuerlichen, buchhalterischen oder anderen gesetzlichen Gr\u00fcnden).<\/p>\n<p><strong>9. Aktualisierungen dieser Richtlinie<\/strong><\/p>\n<p>Wir k\u00f6nnen diese Datenschutzrichtlinie von Zeit zu Zeit aktualisieren, um beispielsweise \u00c4nderungen unserer Praktiken oder aus anderen betrieblichen, rechtlichen oder regulatorischen Gr\u00fcnden widerzuspiegeln. Wenn wir diese Richtlinie aktualisieren, \u00fcberarbeiten wir das \u201eDatum des Inkrafttretens\u201c oben in dieser Richtlinie. Wir empfehlen Ihnen, diese Datenschutzrichtlinie regelm\u00e4\u00dfig zu \u00fcberpr\u00fcfen, um \u00fcber unsere Erfassung, Verarbeitung und Weitergabe Ihrer personenbezogenen Daten auf dem Laufenden zu bleiben.<\/p>\n<p><strong>10. Kontaktieren Sie uns<\/strong><\/p>\n<p>Wenn Sie Fragen oder Anmerkungen zu dieser Richtlinie haben, senden Sie uns eine E-Mail an <a href=\"mailto:info@friek-gmbh.de\">info@friek-gmbh.de<\/a> , telefonisch unter \u00a0<a href=\"tel:+4925659379415\">+49 256 59379415<\/a> , oder per Post an:<\/p>\n<p>Friek GMBH<br \/>\nVennstra\u00dfe 3 \/ 48599, Gronau<\/p>\n<\/div><\/div><\/div><\/div><\/div>\n","protected":false},"excerpt":{"rendered":"","protected":false},"author":2,"featured_media":0,"parent":0,"menu_order":0,"comment_status":"closed","ping_status":"closed","template":"100-width.php","meta":{"footnotes":""},"class_list":["post-5739","page","type-page","status-publish","hentry"],"_links":{"self":[{"href":"https:\/\/friek-gmbh.de\/de\/wp-json\/wp\/v2\/pages\/5739"}],"collection":[{"href":"https:\/\/friek-gmbh.de\/de\/wp-json\/wp\/v2\/pages"}],"about":[{"href":"https:\/\/friek-gmbh.de\/de\/wp-json\/wp\/v2\/types\/page"}],"author":[{"embeddable":true,"href":"https:\/\/friek-gmbh.de\/de\/wp-json\/wp\/v2\/users\/2"}],"replies":[{"embeddable":true,"href":"https:\/\/friek-gmbh.de\/de\/wp-json\/wp\/v2\/comments?post=5739"}],"version-history":[{"count":3,"href":"https:\/\/friek-gmbh.de\/de\/wp-json\/wp\/v2\/pages\/5739\/revisions"}],"predecessor-version":[{"id":5750,"href":"https:\/\/friek-gmbh.de\/de\/wp-json\/wp\/v2\/pages\/5739\/revisions\/5750"}],"wp:attachment":[{"href":"https:\/\/friek-gmbh.de\/de\/wp-json\/wp\/v2\/media?parent=5739"}],"curies":[{"name":"wp","href":"https:\/\/api.w.org\/{rel}","templated":true}]}}